{"id":5936,"date":"2025-11-27T04:29:59","date_gmt":"2025-11-27T04:29:59","guid":{"rendered":"https:\/\/www.moderaco.com\/?page_id=5936"},"modified":"2026-04-17T20:20:12","modified_gmt":"2026-04-17T20:20:12","slug":"o-mnie","status":"publish","type":"page","link":"https:\/\/www.moderaco.com\/index.php\/o-mnie\/","title":{"rendered":"o mnie"},"content":{"rendered":"\t\t<div data-elementor-type=\"wp-page\" data-elementor-id=\"5936\" class=\"elementor elementor-5936\" data-elementor-post-type=\"page\">\n\t\t\t\t<div class=\"elementor-element elementor-element-73ff6abf e-con-full e-flex e-con e-parent\" data-id=\"73ff6abf\" data-element_type=\"container\" data-e-type=\"container\" data-settings=\"{&quot;background_background&quot;:&quot;classic&quot;}\">\n\t\t<div class=\"elementor-element elementor-element-2077ca52 e-con-full e-flex e-con e-child\" data-id=\"2077ca52\" data-element_type=\"container\" data-e-type=\"container\">\n\t\t\t\t<div class=\"elementor-element elementor-element-6f5a93cb elementor-widget elementor-widget-heading\" data-id=\"6f5a93cb\" data-element_type=\"widget\" data-e-type=\"widget\" data-widget_type=\"heading.default\">\n\t\t\t\t<div class=\"elementor-widget-container\">\n\t\t\t\t\t<h3 class=\"elementor-heading-title elementor-size-default\">Jak powsta\u0142a idea inspiruj\u0105cych spotka\u0144 ?<\/h3>\t\t\t\t<\/div>\n\t\t\t\t<\/div>\n\t\t\t\t<div class=\"elementor-element elementor-element-2453c1c6 elementor-widget__width-initial elementor-widget elementor-widget-text-editor\" data-id=\"2453c1c6\" data-element_type=\"widget\" data-e-type=\"widget\" data-widget_type=\"text-editor.default\">\n\t\t\t\t<div class=\"elementor-widget-container\">\n\t\t\t\t\t\t\t\t\t<p>\u00a0 \u00a0W 2015 roku, na \u0142amach portalu \u201eNauka w Polsce\u201d, z ogromnym zaciekawieniem, przeczyta\u0142em artyku\u0142 pt. <strong><a href=\"https:\/\/naukawpolsce.pl\/aktualnosci\/news%2C406223%2Cemocjonujace-powstala-lista-polskich-slow-emocjonalnych.html\">Emocjonuj\u0105ce! Powsta\u0142a lista polskich s\u0142\u00f3w emocjonalnych<\/a>. <br \/><\/strong>Spor\u0105 niespodziank\u0105 dla mnie okaza\u0142a si\u0119 wypowied\u017a kierownika zespo\u0142u opracowuj\u0105cego baz\u0119 NAWL, dr Artura Marchewki. Powiedzia\u0142, \u017ce czytaj\u0105c jakie\u015b s\u0142owa, z za\u0142o\u017cenia odczuwamy okre\u015blone emocje. <br \/>Od tej chwili cieszy mnie ka\u017cda okazja, w kt\u00f3rej mog\u0119 \u015bwiadomie do\u015bwiadcza\u0107 niesamowitej, emocjonalnej mocy s\u0142\u00f3w.\u00a0 <br \/>W szczeg\u00f3lno\u015bci fascynuje mnie ich pot\u0119\u017cny wp\u0142yw na post\u0119powanie i zdrowie w\u0142asne oraz innych ludzi.\u00a0 \u00a0<br \/>\u00a0 \u00a0Efektem mojej kilkuletniej praktyki w uprawianiu komunikacji przyjaznej m\u00f3zgowi, s\u0105 cz\u0119sto zaskakuj\u0105ce wnioski, kt\u00f3rymi zamierzam si\u0119 dzieli\u0107 z uczestnikami inspiruj\u0105cych spotka\u0144 \ud83d\ude42<\/p>\t\t\t\t\t\t\t\t<\/div>\n\t\t\t\t<\/div>\n\t\t\t\t<\/div>\n\t\t\t\t<div class=\"elementor-element elementor-element-755b9fa4 elementor-widget__width-auto elementor-widget-tablet__width-inherit e-transform e-transform elementor-widget elementor-widget-image\" data-id=\"755b9fa4\" data-element_type=\"widget\" data-e-type=\"widget\" data-settings=\"{&quot;_transform_translateX_effect&quot;:{&quot;unit&quot;:&quot;px&quot;,&quot;size&quot;:0,&quot;sizes&quot;:[]},&quot;_transform_translateY_effect&quot;:{&quot;unit&quot;:&quot;px&quot;,&quot;size&quot;:0,&quot;sizes&quot;:[]},&quot;_transform_translateX_effect_tablet&quot;:{&quot;unit&quot;:&quot;px&quot;,&quot;size&quot;:&quot;&quot;,&quot;sizes&quot;:[]},&quot;_transform_translateX_effect_mobile&quot;:{&quot;unit&quot;:&quot;px&quot;,&quot;size&quot;:&quot;&quot;,&quot;sizes&quot;:[]},&quot;_transform_translateY_effect_tablet&quot;:{&quot;unit&quot;:&quot;px&quot;,&quot;size&quot;:&quot;&quot;,&quot;sizes&quot;:[]},&quot;_transform_translateY_effect_mobile&quot;:{&quot;unit&quot;:&quot;px&quot;,&quot;size&quot;:&quot;&quot;,&quot;sizes&quot;:[]},&quot;_transform_scale_effect&quot;:{&quot;unit&quot;:&quot;px&quot;,&quot;size&quot;:&quot;&quot;,&quot;sizes&quot;:[]},&quot;_transform_scale_effect_tablet&quot;:{&quot;unit&quot;:&quot;px&quot;,&quot;size&quot;:&quot;&quot;,&quot;sizes&quot;:[]},&quot;_transform_scale_effect_mobile&quot;:{&quot;unit&quot;:&quot;px&quot;,&quot;size&quot;:&quot;&quot;,&quot;sizes&quot;:[]}}\" data-widget_type=\"image.default\">\n\t\t\t\t<div class=\"elementor-widget-container\">\n\t\t\t\t\t\t\t\t\t\t\t\t\t\t\t<img fetchpriority=\"high\" decoding=\"async\" width=\"1463\" height=\"2048\" src=\"https:\/\/www.moderaco.com\/wp-content\/uploads\/2021\/02\/2020_06_17_75-gotowe-1463x2048.jpg\" class=\"attachment-2048x2048 size-2048x2048 wp-image-198\" alt=\"\" srcset=\"https:\/\/www.moderaco.com\/wp-content\/uploads\/2021\/02\/2020_06_17_75-gotowe-1463x2048.jpg 1463w, https:\/\/www.moderaco.com\/wp-content\/uploads\/2021\/02\/2020_06_17_75-gotowe-214x300.jpg 214w, https:\/\/www.moderaco.com\/wp-content\/uploads\/2021\/02\/2020_06_17_75-gotowe-731x1024.jpg 731w, https:\/\/www.moderaco.com\/wp-content\/uploads\/2021\/02\/2020_06_17_75-gotowe-768x1075.jpg 768w, https:\/\/www.moderaco.com\/wp-content\/uploads\/2021\/02\/2020_06_17_75-gotowe-1097x1536.jpg 1097w, https:\/\/www.moderaco.com\/wp-content\/uploads\/2021\/02\/2020_06_17_75-gotowe-scaled.jpg 1829w\" sizes=\"(max-width: 1463px) 100vw, 1463px\" \/>\t\t\t\t\t\t\t\t\t\t\t\t\t\t\t<\/div>\n\t\t\t\t<\/div>\n\t\t\t\t<\/div>\n\t\t<div class=\"elementor-element elementor-element-244416d9 e-con-full e-flex e-con e-child\" data-id=\"244416d9\" data-element_type=\"container\" data-e-type=\"container\">\n\t\t<div class=\"elementor-element elementor-element-3a96f441 e-con-full e-flex e-con e-child\" data-id=\"3a96f441\" data-element_type=\"container\" data-e-type=\"container\">\n\t\t\t\t<div class=\"elementor-element elementor-element-29114bdf elementor-nav-menu__align-start elementor-nav-menu--dropdown-mobile elementor-nav-menu--stretch elementor-nav-menu__text-align-center elementor-nav-menu--toggle elementor-nav-menu--burger elementor-widget elementor-widget-nav-menu\" data-id=\"29114bdf\" data-element_type=\"widget\" data-e-type=\"widget\" data-settings=\"{&quot;full_width&quot;:&quot;stretch&quot;,&quot;layout&quot;:&quot;horizontal&quot;,&quot;submenu_icon&quot;:{&quot;value&quot;:&quot;&lt;svg aria-hidden=\\&quot;true\\&quot; class=\\&quot;e-font-icon-svg e-fas-caret-down\\&quot; viewBox=\\&quot;0 0 320 512\\&quot; xmlns=\\&quot;http:\\\/\\\/www.w3.org\\\/2000\\\/svg\\&quot;&gt;&lt;path d=\\&quot;M31.3 192h257.3c17.8 0 26.7 21.5 14.1 34.1L174.1 354.8c-7.8 7.8-20.5 7.8-28.3 0L17.2 226.1C4.6 213.5 13.5 192 31.3 192z\\&quot;&gt;&lt;\\\/path&gt;&lt;\\\/svg&gt;&quot;,&quot;library&quot;:&quot;fa-solid&quot;},&quot;toggle&quot;:&quot;burger&quot;}\" data-widget_type=\"nav-menu.default\">\n\t\t\t\t<div class=\"elementor-widget-container\">\n\t\t\t\t\t\t\t\t<nav aria-label=\"Menu\" class=\"elementor-nav-menu--main elementor-nav-menu__container elementor-nav-menu--layout-horizontal e--pointer-none\">\n\t\t\t\t<ul id=\"menu-1-29114bdf\" class=\"elementor-nav-menu\"><li class=\"menu-item menu-item-type-post_type menu-item-object-page menu-item-home menu-item-37\"><a href=\"https:\/\/www.moderaco.com\/\" data-ps2id-api=\"true\" class=\"elementor-item\">Strona g\u0142\u00f3wna<\/a><\/li>\n<li class=\"menu-item menu-item-type-post_type menu-item-object-page menu-item-40\"><a href=\"https:\/\/www.moderaco.com\/index.php\/contact\/\" data-ps2id-api=\"true\" class=\"elementor-item\">Kontakt<\/a><\/li>\n<li class=\"menu-item menu-item-type-post_type menu-item-object-page menu-item-4714\"><a href=\"https:\/\/www.moderaco.com\/index.php\/zarejestruj-sie\/\" data-ps2id-api=\"true\" class=\"elementor-item\">Zarejestruj si\u0119<\/a><\/li>\n<li class=\"menu-item menu-item-type-post_type menu-item-object-page menu-item-5507\"><a href=\"https:\/\/www.moderaco.com\/index.php\/zaloguj-sie\/\" data-ps2id-api=\"true\" class=\"elementor-item\">Zaloguj si\u0119<\/a><\/li>\n<\/ul>\t\t\t<\/nav>\n\t\t\t\t\t<div class=\"elementor-menu-toggle\" role=\"button\" tabindex=\"0\" aria-label=\"Menu Toggle\" aria-expanded=\"false\">\n\t\t\t<svg aria-hidden=\"true\" role=\"presentation\" class=\"elementor-menu-toggle__icon--open e-font-icon-svg e-eicon-menu-bar\" viewBox=\"0 0 1000 1000\" xmlns=\"http:\/\/www.w3.org\/2000\/svg\"><path d=\"M104 333H896C929 333 958 304 958 271S929 208 896 208H104C71 208 42 237 42 271S71 333 104 333ZM104 583H896C929 583 958 554 958 521S929 458 896 458H104C71 458 42 487 42 521S71 583 104 583ZM104 833H896C929 833 958 804 958 771S929 708 896 708H104C71 708 42 737 42 771S71 833 104 833Z\"><\/path><\/svg><svg aria-hidden=\"true\" role=\"presentation\" class=\"elementor-menu-toggle__icon--close e-font-icon-svg e-eicon-close\" viewBox=\"0 0 1000 1000\" xmlns=\"http:\/\/www.w3.org\/2000\/svg\"><path d=\"M742 167L500 408 258 167C246 154 233 150 217 150 196 150 179 158 167 167 154 179 150 196 150 212 150 229 154 242 171 254L408 500 167 742C138 771 138 800 167 829 196 858 225 858 254 829L496 587 738 829C750 842 767 846 783 846 800 846 817 842 829 829 842 817 846 804 846 783 846 767 842 750 829 737L588 500 833 258C863 229 863 200 833 171 804 137 775 137 742 167Z\"><\/path><\/svg>\t\t<\/div>\n\t\t\t\t\t<nav class=\"elementor-nav-menu--dropdown elementor-nav-menu__container\" aria-hidden=\"true\">\n\t\t\t\t<ul id=\"menu-2-29114bdf\" class=\"elementor-nav-menu\"><li class=\"menu-item menu-item-type-post_type menu-item-object-page menu-item-home menu-item-37\"><a href=\"https:\/\/www.moderaco.com\/\" data-ps2id-api=\"true\" class=\"elementor-item\" tabindex=\"-1\">Strona g\u0142\u00f3wna<\/a><\/li>\n<li class=\"menu-item menu-item-type-post_type menu-item-object-page menu-item-40\"><a href=\"https:\/\/www.moderaco.com\/index.php\/contact\/\" data-ps2id-api=\"true\" class=\"elementor-item\" tabindex=\"-1\">Kontakt<\/a><\/li>\n<li class=\"menu-item menu-item-type-post_type menu-item-object-page menu-item-4714\"><a href=\"https:\/\/www.moderaco.com\/index.php\/zarejestruj-sie\/\" data-ps2id-api=\"true\" class=\"elementor-item\" tabindex=\"-1\">Zarejestruj si\u0119<\/a><\/li>\n<li class=\"menu-item menu-item-type-post_type menu-item-object-page menu-item-5507\"><a href=\"https:\/\/www.moderaco.com\/index.php\/zaloguj-sie\/\" data-ps2id-api=\"true\" class=\"elementor-item\" tabindex=\"-1\">Zaloguj si\u0119<\/a><\/li>\n<\/ul>\t\t\t<\/nav>\n\t\t\t\t\t\t<\/div>\n\t\t\t\t<\/div>\n\t\t\t\t<\/div>\n\t\t<div class=\"elementor-element elementor-element-239c2556 e-con-full e-flex e-con e-child\" data-id=\"239c2556\" data-element_type=\"container\" data-e-type=\"container\">\n\t\t\t\t<div class=\"elementor-element elementor-element-6ef25603 elementor-widget elementor-widget-heading\" data-id=\"6ef25603\" data-element_type=\"widget\" data-e-type=\"widget\" data-widget_type=\"heading.default\">\n\t\t\t\t<div class=\"elementor-widget-container\">\n\t\t\t\t\t<p class=\"elementor-heading-title elementor-size-default\">+ 48 501207100\n<\/p>\t\t\t\t<\/div>\n\t\t\t\t<\/div>\n\t\t\t\t<\/div>\n\t\t\t\t<\/div>\n\t\t<div class=\"elementor-element elementor-element-1b1f6166 e-con-full e-flex e-con e-parent\" data-id=\"1b1f6166\" data-element_type=\"container\" data-e-type=\"container\" data-settings=\"{&quot;background_background&quot;:&quot;classic&quot;}\">\n\t\t\t\t<div class=\"elementor-element elementor-element-b7ecbf9 elementor-widget elementor-widget-heading\" data-id=\"b7ecbf9\" data-element_type=\"widget\" data-e-type=\"widget\" data-widget_type=\"heading.default\">\n\t\t\t\t<div class=\"elementor-widget-container\">\n\t\t\t\t\t<p class=\"elementor-heading-title elementor-size-default\">\u00a9 2026. Moderaco.pl. Wszystkie prawa zastrze\u017cone.<\/p>\t\t\t\t<\/div>\n\t\t\t\t<\/div>\n\t\t\t\t<\/div>\n\t\t\t\t<\/div>\n\t\t","protected":false},"excerpt":{"rendered":"<p>Jak powsta\u0142a idea inspiruj\u0105cych spotka\u0144 ? \u00a0 \u00a0W 2015 roku, na \u0142amach portalu \u201eNauka w Polsce\u201d, z ogromnym zaciekawieniem, przeczyta\u0142em artyku\u0142 pt. Emocjonuj\u0105ce! Powsta\u0142a lista polskich s\u0142\u00f3w emocjonalnych. Spor\u0105 niespodziank\u0105 dla mnie okaza\u0142a si\u0119 wypowied\u017a kierownika zespo\u0142u opracowuj\u0105cego baz\u0119 NAWL, dr Artura Marchewki. Powiedzia\u0142, \u017ce czytaj\u0105c jakie\u015b s\u0142owa, z za\u0142o\u017cenia odczuwamy okre\u015blone emocje. Od tej [&hellip;]<\/p>\n","protected":false},"author":1,"featured_media":0,"parent":0,"menu_order":0,"comment_status":"closed","ping_status":"closed","template":"","meta":{"inline_featured_image":false,"_themeisle_gutenberg_block_has_review":false,"footnotes":""},"class_list":["post-5936","page","type-page","status-publish","hentry"],"blocksy_meta":[],"yoast_head":"<!-- This site is optimized with the Yoast SEO plugin v26.8 - https:\/\/yoast.com\/product\/yoast-seo-wordpress\/ -->\n<title>o mnie - Moderaco - inspiruj\u0105ce spotkania<\/title>\n<meta name=\"robots\" content=\"index, follow, max-snippet:-1, max-image-preview:large, max-video-preview:-1\" \/>\n<link rel=\"canonical\" href=\"http:\/\/www.moderaco.com\/index.php\/o-mnie\/\" \/>\n<meta property=\"og:locale\" content=\"pl_PL\" \/>\n<meta property=\"og:type\" content=\"article\" \/>\n<meta property=\"og:title\" content=\"o mnie - Moderaco - inspiruj\u0105ce spotkania\" \/>\n<meta property=\"og:description\" content=\"Jak powsta\u0142a idea inspiruj\u0105cych spotka\u0144 ? \u00a0 \u00a0W 2015 roku, na \u0142amach portalu \u201eNauka w Polsce\u201d, z ogromnym zaciekawieniem, przeczyta\u0142em artyku\u0142 pt. Emocjonuj\u0105ce! Powsta\u0142a lista polskich s\u0142\u00f3w emocjonalnych. Spor\u0105 niespodziank\u0105 dla mnie okaza\u0142a si\u0119 wypowied\u017a kierownika zespo\u0142u opracowuj\u0105cego baz\u0119 NAWL, dr Artura Marchewki. Powiedzia\u0142, \u017ce czytaj\u0105c jakie\u015b s\u0142owa, z za\u0142o\u017cenia odczuwamy okre\u015blone emocje. Od tej [&hellip;]\" \/>\n<meta property=\"og:url\" content=\"http:\/\/www.moderaco.com\/index.php\/o-mnie\/\" \/>\n<meta property=\"og:site_name\" content=\"Moderaco - inspiruj\u0105ce spotkania\" \/>\n<meta property=\"article:modified_time\" content=\"2026-04-17T20:20:12+00:00\" \/>\n<meta property=\"og:image\" content=\"http:\/\/www.moderaco.com\/wp-content\/uploads\/2021\/02\/2020_06_17_75-gotowe-1463x2048.jpg\" \/>\n<meta name=\"twitter:card\" content=\"summary_large_image\" \/>\n<meta name=\"twitter:label1\" content=\"Szacowany czas czytania\" \/>\n\t<meta name=\"twitter:data1\" content=\"1 minuta\" \/>\n<script type=\"application\/ld+json\" class=\"yoast-schema-graph\">{\"@context\":\"https:\/\/schema.org\",\"@graph\":[{\"@type\":\"WebPage\",\"@id\":\"http:\/\/www.moderaco.com\/index.php\/o-mnie\/\",\"url\":\"http:\/\/www.moderaco.com\/index.php\/o-mnie\/\",\"name\":\"o mnie - Moderaco - inspiruj\u0105ce spotkania\",\"isPartOf\":{\"@id\":\"https:\/\/www.moderaco.com\/#website\"},\"primaryImageOfPage\":{\"@id\":\"http:\/\/www.moderaco.com\/index.php\/o-mnie\/#primaryimage\"},\"image\":{\"@id\":\"http:\/\/www.moderaco.com\/index.php\/o-mnie\/#primaryimage\"},\"thumbnailUrl\":\"http:\/\/www.moderaco.com\/wp-content\/uploads\/2021\/02\/2020_06_17_75-gotowe-1463x2048.jpg\",\"datePublished\":\"2025-11-27T04:29:59+00:00\",\"dateModified\":\"2026-04-17T20:20:12+00:00\",\"breadcrumb\":{\"@id\":\"http:\/\/www.moderaco.com\/index.php\/o-mnie\/#breadcrumb\"},\"inLanguage\":\"pl-PL\",\"potentialAction\":[{\"@type\":\"ReadAction\",\"target\":[\"http:\/\/www.moderaco.com\/index.php\/o-mnie\/\"]}]},{\"@type\":\"ImageObject\",\"inLanguage\":\"pl-PL\",\"@id\":\"http:\/\/www.moderaco.com\/index.php\/o-mnie\/#primaryimage\",\"url\":\"https:\/\/www.moderaco.com\/wp-content\/uploads\/2021\/02\/2020_06_17_75-gotowe-scaled.jpg\",\"contentUrl\":\"https:\/\/www.moderaco.com\/wp-content\/uploads\/2021\/02\/2020_06_17_75-gotowe-scaled.jpg\",\"width\":1829,\"height\":2560},{\"@type\":\"BreadcrumbList\",\"@id\":\"http:\/\/www.moderaco.com\/index.php\/o-mnie\/#breadcrumb\",\"itemListElement\":[{\"@type\":\"ListItem\",\"position\":1,\"name\":\"Strona g\u0142\u00f3wna\",\"item\":\"https:\/\/www.moderaco.com\/\"},{\"@type\":\"ListItem\",\"position\":2,\"name\":\"o mnie\"}]},{\"@type\":\"WebSite\",\"@id\":\"https:\/\/www.moderaco.com\/#website\",\"url\":\"https:\/\/www.moderaco.com\/\",\"name\":\"Moderaco - inspiruj\u0105ce spotkania\",\"description\":\"Tworzymy dobr\u0105 atmosfer\u0119 dla my\u015blenia i dzia\u0142ania\",\"publisher\":{\"@id\":\"https:\/\/www.moderaco.com\/#organization\"},\"potentialAction\":[{\"@type\":\"SearchAction\",\"target\":{\"@type\":\"EntryPoint\",\"urlTemplate\":\"https:\/\/www.moderaco.com\/?s={search_term_string}\"},\"query-input\":{\"@type\":\"PropertyValueSpecification\",\"valueRequired\":true,\"valueName\":\"search_term_string\"}}],\"inLanguage\":\"pl-PL\"},{\"@type\":\"Organization\",\"@id\":\"https:\/\/www.moderaco.com\/#organization\",\"name\":\"Moderaco - inspiruj\u0105ce spotkania\",\"url\":\"https:\/\/www.moderaco.com\/\",\"logo\":{\"@type\":\"ImageObject\",\"inLanguage\":\"pl-PL\",\"@id\":\"https:\/\/www.moderaco.com\/#\/schema\/logo\/image\/\",\"url\":\"https:\/\/www.moderaco.com\/wp-content\/uploads\/2024\/10\/MODERACOnowa.svg\",\"contentUrl\":\"https:\/\/www.moderaco.com\/wp-content\/uploads\/2024\/10\/MODERACOnowa.svg\",\"width\":2177,\"height\":478,\"caption\":\"Moderaco - inspiruj\u0105ce spotkania\"},\"image\":{\"@id\":\"https:\/\/www.moderaco.com\/#\/schema\/logo\/image\/\"}}]}<\/script>\n<!-- \/ Yoast SEO plugin. -->","yoast_head_json":{"title":"o mnie - Moderaco - inspiruj\u0105ce spotkania","robots":{"index":"index","follow":"follow","max-snippet":"max-snippet:-1","max-image-preview":"max-image-preview:large","max-video-preview":"max-video-preview:-1"},"canonical":"http:\/\/www.moderaco.com\/index.php\/o-mnie\/","og_locale":"pl_PL","og_type":"article","og_title":"o mnie - Moderaco - inspiruj\u0105ce spotkania","og_description":"Jak powsta\u0142a idea inspiruj\u0105cych spotka\u0144 ? \u00a0 \u00a0W 2015 roku, na \u0142amach portalu \u201eNauka w Polsce\u201d, z ogromnym zaciekawieniem, przeczyta\u0142em artyku\u0142 pt. Emocjonuj\u0105ce! Powsta\u0142a lista polskich s\u0142\u00f3w emocjonalnych. Spor\u0105 niespodziank\u0105 dla mnie okaza\u0142a si\u0119 wypowied\u017a kierownika zespo\u0142u opracowuj\u0105cego baz\u0119 NAWL, dr Artura Marchewki. Powiedzia\u0142, \u017ce czytaj\u0105c jakie\u015b s\u0142owa, z za\u0142o\u017cenia odczuwamy okre\u015blone emocje. Od tej [&hellip;]","og_url":"http:\/\/www.moderaco.com\/index.php\/o-mnie\/","og_site_name":"Moderaco - inspiruj\u0105ce spotkania","article_modified_time":"2026-04-17T20:20:12+00:00","og_image":[{"url":"http:\/\/www.moderaco.com\/wp-content\/uploads\/2021\/02\/2020_06_17_75-gotowe-1463x2048.jpg","type":"","width":"","height":""}],"twitter_card":"summary_large_image","twitter_misc":{"Szacowany czas czytania":"1 minuta"},"schema":{"@context":"https:\/\/schema.org","@graph":[{"@type":"WebPage","@id":"http:\/\/www.moderaco.com\/index.php\/o-mnie\/","url":"http:\/\/www.moderaco.com\/index.php\/o-mnie\/","name":"o mnie - Moderaco - inspiruj\u0105ce spotkania","isPartOf":{"@id":"https:\/\/www.moderaco.com\/#website"},"primaryImageOfPage":{"@id":"http:\/\/www.moderaco.com\/index.php\/o-mnie\/#primaryimage"},"image":{"@id":"http:\/\/www.moderaco.com\/index.php\/o-mnie\/#primaryimage"},"thumbnailUrl":"http:\/\/www.moderaco.com\/wp-content\/uploads\/2021\/02\/2020_06_17_75-gotowe-1463x2048.jpg","datePublished":"2025-11-27T04:29:59+00:00","dateModified":"2026-04-17T20:20:12+00:00","breadcrumb":{"@id":"http:\/\/www.moderaco.com\/index.php\/o-mnie\/#breadcrumb"},"inLanguage":"pl-PL","potentialAction":[{"@type":"ReadAction","target":["http:\/\/www.moderaco.com\/index.php\/o-mnie\/"]}]},{"@type":"ImageObject","inLanguage":"pl-PL","@id":"http:\/\/www.moderaco.com\/index.php\/o-mnie\/#primaryimage","url":"https:\/\/www.moderaco.com\/wp-content\/uploads\/2021\/02\/2020_06_17_75-gotowe-scaled.jpg","contentUrl":"https:\/\/www.moderaco.com\/wp-content\/uploads\/2021\/02\/2020_06_17_75-gotowe-scaled.jpg","width":1829,"height":2560},{"@type":"BreadcrumbList","@id":"http:\/\/www.moderaco.com\/index.php\/o-mnie\/#breadcrumb","itemListElement":[{"@type":"ListItem","position":1,"name":"Strona g\u0142\u00f3wna","item":"https:\/\/www.moderaco.com\/"},{"@type":"ListItem","position":2,"name":"o mnie"}]},{"@type":"WebSite","@id":"https:\/\/www.moderaco.com\/#website","url":"https:\/\/www.moderaco.com\/","name":"Moderaco - inspiruj\u0105ce spotkania","description":"Tworzymy dobr\u0105 atmosfer\u0119 dla my\u015blenia i dzia\u0142ania","publisher":{"@id":"https:\/\/www.moderaco.com\/#organization"},"potentialAction":[{"@type":"SearchAction","target":{"@type":"EntryPoint","urlTemplate":"https:\/\/www.moderaco.com\/?s={search_term_string}"},"query-input":{"@type":"PropertyValueSpecification","valueRequired":true,"valueName":"search_term_string"}}],"inLanguage":"pl-PL"},{"@type":"Organization","@id":"https:\/\/www.moderaco.com\/#organization","name":"Moderaco - inspiruj\u0105ce spotkania","url":"https:\/\/www.moderaco.com\/","logo":{"@type":"ImageObject","inLanguage":"pl-PL","@id":"https:\/\/www.moderaco.com\/#\/schema\/logo\/image\/","url":"https:\/\/www.moderaco.com\/wp-content\/uploads\/2024\/10\/MODERACOnowa.svg","contentUrl":"https:\/\/www.moderaco.com\/wp-content\/uploads\/2024\/10\/MODERACOnowa.svg","width":2177,"height":478,"caption":"Moderaco - inspiruj\u0105ce spotkania"},"image":{"@id":"https:\/\/www.moderaco.com\/#\/schema\/logo\/image\/"}}]}},"_links":{"self":[{"href":"https:\/\/www.moderaco.com\/index.php\/wp-json\/wp\/v2\/pages\/5936","targetHints":{"allow":["GET"]}}],"collection":[{"href":"https:\/\/www.moderaco.com\/index.php\/wp-json\/wp\/v2\/pages"}],"about":[{"href":"https:\/\/www.moderaco.com\/index.php\/wp-json\/wp\/v2\/types\/page"}],"author":[{"embeddable":true,"href":"https:\/\/www.moderaco.com\/index.php\/wp-json\/wp\/v2\/users\/1"}],"replies":[{"embeddable":true,"href":"https:\/\/www.moderaco.com\/index.php\/wp-json\/wp\/v2\/comments?post=5936"}],"version-history":[{"count":181,"href":"https:\/\/www.moderaco.com\/index.php\/wp-json\/wp\/v2\/pages\/5936\/revisions"}],"predecessor-version":[{"id":6370,"href":"https:\/\/www.moderaco.com\/index.php\/wp-json\/wp\/v2\/pages\/5936\/revisions\/6370"}],"wp:attachment":[{"href":"https:\/\/www.moderaco.com\/index.php\/wp-json\/wp\/v2\/media?parent=5936"}],"curies":[{"name":"wp","href":"https:\/\/api.w.org\/{rel}","templated":true}]}}